{"id":10,"date":"2025-09-20T19:21:53","date_gmt":"2025-09-20T19:21:53","guid":{"rendered":"http:\/\/endorhal.com\/?page_id=10"},"modified":"2025-11-02T22:52:24","modified_gmt":"2025-11-02T22:52:24","slug":"accueil","status":"publish","type":"page","link":"https:\/\/endorhal.com\/","title":{"rendered":"Bienvenue \u00e0 Endorhal"},"content":{"rendered":"<style>.kb-row-layout-id10_ba0f9b-0b > .kt-row-column-wrap{align-content:start;}:where(.kb-row-layout-id10_ba0f9b-0b > .kt-row-column-wrap) > .wp-block-kadence-column{justify-content:start;}.kb-row-layout-id10_ba0f9b-0b > .kt-row-column-wrap{column-gap:var(--global-kb-gap-md, 2rem);row-gap:var(--global-kb-gap-md, 2rem);padding-top:0px;padding-bottom:var(--global-kb-spacing-sm, 1.5rem);min-height:600px;grid-template-columns:minmax(0, 1fr);}.kb-row-layout-id10_ba0f9b-0b{background-image:url('https:\/\/endorhal.com\/wp-content\/uploads\/2025\/09\/Banniere.png');background-size:cover;background-position:center center;background-attachment:scroll;background-repeat:no-repeat;}.kb-row-layout-id10_ba0f9b-0b > .kt-row-layout-overlay{opacity:0.30;}@media all and (max-width: 1024px){.kb-row-layout-id10_ba0f9b-0b > .kt-row-column-wrap{grid-template-columns:minmax(0, 1fr);}}@media all and (max-width: 767px){.kb-row-layout-id10_ba0f9b-0b > .kt-row-column-wrap{grid-template-columns:minmax(0, 1fr);}}<\/style><div class=\"kb-row-layout-wrap kb-row-layout-id10_ba0f9b-0b alignnone kt-row-has-bg wp-block-kadence-rowlayout\"><div class=\"kt-row-column-wrap kt-has-1-columns kt-row-layout-equal kt-tab-layout-inherit kt-mobile-layout-row kt-row-valign-top\">\n<style>.kadence-column10_5cfa37-39 > .kt-inside-inner-col,.kadence-column10_5cfa37-39 > .kt-inside-inner-col:before{border-top-left-radius:0px;border-top-right-radius:0px;border-bottom-right-radius:0px;border-bottom-left-radius:0px;}.kadence-column10_5cfa37-39 > .kt-inside-inner-col{column-gap:var(--global-kb-gap-sm, 1rem);}.kadence-column10_5cfa37-39 > .kt-inside-inner-col{flex-direction:column;}.kadence-column10_5cfa37-39 > .kt-inside-inner-col > .aligncenter{width:100%;}.kadence-column10_5cfa37-39 > .kt-inside-inner-col:before{opacity:0.3;}.kadence-column10_5cfa37-39{position:relative;}@media all and (max-width: 1024px){.kadence-column10_5cfa37-39 > .kt-inside-inner-col{flex-direction:column;justify-content:center;}}@media all and (max-width: 767px){.kadence-column10_5cfa37-39 > .kt-inside-inner-col{flex-direction:column;justify-content:center;}}<\/style>\n<div class=\"wp-block-kadence-column kadence-column10_5cfa37-39\"><div class=\"kt-inside-inner-col\"><h1 class=\"wp-block-post-title\">Bienvenue \u00e0 Endorhal<\/h1>\n\n\n<p class=\"has-theme-palette-9-color has-text-color has-link-color wp-elements-50aa6ea06e0bfb9584b33bc9dd7ba70c\"><\/p>\n\n\n\n<p class=\"has-theme-palette-9-color has-text-color has-link-color wp-elements-48135e0040b5bc8e81e3f0956d549a97\"><strong>D\u00e9couvrez un monde fa\u00e7onn\u00e9 par la pierre, le vent et la m\u00e9moire. Parcourez les royaumes, rencontrez leurs peuples et suivez l\u2019odyss\u00e9e qui commence \u00e0 Morkath.<\/strong><\/p>\n\n\n\n<p class=\"has-theme-palette-9-color has-text-color has-link-color wp-elements-68b9b2d1bb15e319f915f7652fe8c820\">Livre 1 &#8211; Quand la for\u00eat se tait<\/p>\n\n\n\n<p class=\"has-theme-palette-9-color has-text-color has-link-color wp-elements-89d8293a86eb4194dd81d20b020c29ee\">Dans un pass\u00e9 oubli\u00e9, les royaumes jadis alli\u00e9s se sont repli\u00e9s sur eux-m\u00eames.<br>Frapp\u00e9s par l\u2019hiver le plus long et le plus terrible jamais connu, chacun s\u2019est mur\u00e9 dans le silence, coupant tout \u00e9change, toute confiance.<\/p>\n\n\n\n<p class=\"has-theme-palette-9-color has-text-color has-link-color wp-elements-ab4535e5d65f16bded5982387cbdcc9c\">Aujourd\u2019hui, sous le r\u00e8gne du roi&nbsp;<strong>Therval<\/strong>, dit&nbsp;<em>le Pacifiste<\/em>, le royaume nain de&nbsp;<strong>Kundr\u00e2k<\/strong>&nbsp;tente de rouvrir les chemins du monde.<br>Un projet colossal voit le jour : un&nbsp;<strong>immense canal<\/strong>&nbsp;destin\u00e9 \u00e0 relier les royaumes, irriguer les terres et amener l\u2019eau jusqu\u2019aux villages les plus recul\u00e9s.<\/p>\n\n\n\n<p class=\"has-theme-palette-9-color has-text-color has-link-color wp-elements-6296624f005d53ecef070e3cbb30956a\">Mais le barrage pr\u00e9vu pour cette \u0153uvre de paix va bient\u00f4t devenir le centre de toutes les attentions et le th\u00e9\u00e2tre d\u2019un r\u00e9veil que nul n\u2019avait pr\u00e9vu.<br>Car sous les racines de la for\u00eat, les&nbsp;<strong>vieilles l\u00e9gendes<\/strong>&nbsp;n\u2019ont jamais cess\u00e9 de murmurer\u2026<\/p>\n\n\n\n<p class=\"has-theme-palette-9-color has-text-color has-link-color wp-elements-50aa6ea06e0bfb9584b33bc9dd7ba70c\"><\/p>\n\n\n\n<p class=\"has-theme-palette-9-color has-text-color has-link-color wp-elements-6270b395bc7eaf06dd6ee1425cb27fa0\">Certains combattront pour contenir les enfers.<br>D\u2019autres suivront la trace des anciens r\u00e9cits, au prix de grands sacrifices.<br>Et dans le silence grandissant des bois,<br>le destin des royaumes d\u2019<strong>Endorhal<\/strong> s\u2019appr\u00eate \u00e0 basculer.<\/p>\n\n\n\n<p><\/p>\n\n\n\n<p><\/p>\n<\/div><\/div>\n\n<\/div><\/div>\n\n\n<p><\/p>\n","protected":false},"excerpt":{"rendered":"<p>D\u00e9couvrez un monde fa\u00e7onn\u00e9 par la pierre, le vent et la m\u00e9moire. Parcourez les royaumes, rencontrez leurs peuples et suivez l\u2019odyss\u00e9e qui commence \u00e0 Morkath. Livre 1 &#8211; Quand la for\u00eat se tait Dans un pass\u00e9 oubli\u00e9, les royaumes jadis alli\u00e9s se sont repli\u00e9s sur eux-m\u00eames.Frapp\u00e9s par l\u2019hiver le plus long et le plus terrible&#8230;<\/p>\n","protected":false},"author":1,"featured_media":0,"parent":0,"menu_order":0,"comment_status":"closed","ping_status":"closed","template":"","meta":{"_kadence_starter_templates_imported_post":false,"_kad_post_transparent":"","_kad_post_title":"","_kad_post_layout":"","_kad_post_sidebar_id":"","_kad_post_content_style":"","_kad_post_vertical_padding":"","_kad_post_feature":"","_kad_post_feature_position":"","_kad_post_header":false,"_kad_post_footer":false,"_kad_post_classname":"","footnotes":""},"class_list":["post-10","page","type-page","status-publish","hentry"],"yoast_head":"<!-- This site is optimized with the Yoast SEO plugin v26.9 - https:\/\/yoast.com\/product\/yoast-seo-wordpress\/ -->\n<title>Bienvenue \u00e0 Endorhal - Les Royaumes d&#039;Endorhal<\/title>\n<meta name=\"description\" content=\"D\u00e9couvrez les royaumes d&#039;Endorhal. Rencontrez les diff\u00e9rents royaumes, d\u00e9couvrez les panth\u00e9ons ainsi que les personnages de cet univers.\" \/>\n<meta name=\"robots\" content=\"index, follow, max-snippet:-1, max-image-preview:large, max-video-preview:-1\" \/>\n<link rel=\"canonical\" href=\"https:\/\/endorhal.com\/\" \/>\n<meta property=\"og:locale\" content=\"fr_FR\" \/>\n<meta property=\"og:type\" content=\"article\" \/>\n<meta property=\"og:title\" content=\"Bienvenue \u00e0 Endorhal - Les Royaumes d&#039;Endorhal\" \/>\n<meta property=\"og:description\" content=\"D\u00e9couvrez les royaumes d&#039;Endorhal. Rencontrez les diff\u00e9rents royaumes, d\u00e9couvrez les panth\u00e9ons ainsi que les personnages de cet univers.\" \/>\n<meta property=\"og:url\" content=\"https:\/\/endorhal.com\/\" \/>\n<meta property=\"og:site_name\" content=\"Les Royaumes d&#039;Endorhal\" \/>\n<meta property=\"article:modified_time\" content=\"2025-11-02T22:52:24+00:00\" \/>\n<meta name=\"twitter:card\" content=\"summary_large_image\" \/>\n<meta name=\"twitter:label1\" content=\"Dur\u00e9e de lecture estim\u00e9e\" \/>\n\t<meta name=\"twitter:data1\" content=\"1 minute\" \/>\n<script type=\"application\/ld+json\" class=\"yoast-schema-graph\">{\"@context\":\"https:\/\/schema.org\",\"@graph\":[{\"@type\":\"WebPage\",\"@id\":\"https:\/\/endorhal.com\/\",\"url\":\"https:\/\/endorhal.com\/\",\"name\":\"Bienvenue \u00e0 Endorhal - Les Royaumes d&#039;Endorhal\",\"isPartOf\":{\"@id\":\"https:\/\/endorhal.com\/#website\"},\"datePublished\":\"2025-09-20T19:21:53+00:00\",\"dateModified\":\"2025-11-02T22:52:24+00:00\",\"description\":\"D\u00e9couvrez les royaumes d'Endorhal. Rencontrez les diff\u00e9rents royaumes, d\u00e9couvrez les panth\u00e9ons ainsi que les personnages de cet univers.\",\"breadcrumb\":{\"@id\":\"https:\/\/endorhal.com\/#breadcrumb\"},\"inLanguage\":\"fr-FR\",\"potentialAction\":[{\"@type\":\"ReadAction\",\"target\":[\"https:\/\/endorhal.com\/\"]}]},{\"@type\":\"BreadcrumbList\",\"@id\":\"https:\/\/endorhal.com\/#breadcrumb\",\"itemListElement\":[{\"@type\":\"ListItem\",\"position\":1,\"name\":\"Accueil\",\"item\":\"https:\/\/endorhal.com\/\"},{\"@type\":\"ListItem\",\"position\":2,\"name\":\"Bienvenue \u00e0 Endorhal\"}]},{\"@type\":\"WebSite\",\"@id\":\"https:\/\/endorhal.com\/#website\",\"url\":\"https:\/\/endorhal.com\/\",\"name\":\"Les Royaumes d'Endorhal\",\"description\":\"Plongez au c\u0153ur d\u2019un monde oubli\u00e9, entre les royaumes s&#039;immisce les t\u00e9n\u00e8bres mais une lueur existe toujours.\",\"publisher\":{\"@id\":\"https:\/\/endorhal.com\/#organization\"},\"potentialAction\":[{\"@type\":\"SearchAction\",\"target\":{\"@type\":\"EntryPoint\",\"urlTemplate\":\"https:\/\/endorhal.com\/?s={search_term_string}\"},\"query-input\":{\"@type\":\"PropertyValueSpecification\",\"valueRequired\":true,\"valueName\":\"search_term_string\"}}],\"inLanguage\":\"fr-FR\"},{\"@type\":\"Organization\",\"@id\":\"https:\/\/endorhal.com\/#organization\",\"name\":\"Les Royaumes d'Endorhal\",\"url\":\"https:\/\/endorhal.com\/\",\"logo\":{\"@type\":\"ImageObject\",\"inLanguage\":\"fr-FR\",\"@id\":\"https:\/\/endorhal.com\/#\/schema\/logo\/image\/\",\"url\":\"https:\/\/endorhal.com\/wp-content\/uploads\/2025\/11\/Logo.png\",\"contentUrl\":\"https:\/\/endorhal.com\/wp-content\/uploads\/2025\/11\/Logo.png\",\"width\":1024,\"height\":1024,\"caption\":\"Les Royaumes d'Endorhal\"},\"image\":{\"@id\":\"https:\/\/endorhal.com\/#\/schema\/logo\/image\/\"}}]}<\/script>\n<!-- \/ Yoast SEO plugin. -->","yoast_head_json":{"title":"Bienvenue \u00e0 Endorhal - Les Royaumes d&#039;Endorhal","description":"D\u00e9couvrez les royaumes d'Endorhal. Rencontrez les diff\u00e9rents royaumes, d\u00e9couvrez les panth\u00e9ons ainsi que les personnages de cet univers.","robots":{"index":"index","follow":"follow","max-snippet":"max-snippet:-1","max-image-preview":"max-image-preview:large","max-video-preview":"max-video-preview:-1"},"canonical":"https:\/\/endorhal.com\/","og_locale":"fr_FR","og_type":"article","og_title":"Bienvenue \u00e0 Endorhal - Les Royaumes d&#039;Endorhal","og_description":"D\u00e9couvrez les royaumes d'Endorhal. Rencontrez les diff\u00e9rents royaumes, d\u00e9couvrez les panth\u00e9ons ainsi que les personnages de cet univers.","og_url":"https:\/\/endorhal.com\/","og_site_name":"Les Royaumes d&#039;Endorhal","article_modified_time":"2025-11-02T22:52:24+00:00","twitter_card":"summary_large_image","twitter_misc":{"Dur\u00e9e de lecture estim\u00e9e":"1 minute"},"schema":{"@context":"https:\/\/schema.org","@graph":[{"@type":"WebPage","@id":"https:\/\/endorhal.com\/","url":"https:\/\/endorhal.com\/","name":"Bienvenue \u00e0 Endorhal - Les Royaumes d&#039;Endorhal","isPartOf":{"@id":"https:\/\/endorhal.com\/#website"},"datePublished":"2025-09-20T19:21:53+00:00","dateModified":"2025-11-02T22:52:24+00:00","description":"D\u00e9couvrez les royaumes d'Endorhal. Rencontrez les diff\u00e9rents royaumes, d\u00e9couvrez les panth\u00e9ons ainsi que les personnages de cet univers.","breadcrumb":{"@id":"https:\/\/endorhal.com\/#breadcrumb"},"inLanguage":"fr-FR","potentialAction":[{"@type":"ReadAction","target":["https:\/\/endorhal.com\/"]}]},{"@type":"BreadcrumbList","@id":"https:\/\/endorhal.com\/#breadcrumb","itemListElement":[{"@type":"ListItem","position":1,"name":"Accueil","item":"https:\/\/endorhal.com\/"},{"@type":"ListItem","position":2,"name":"Bienvenue \u00e0 Endorhal"}]},{"@type":"WebSite","@id":"https:\/\/endorhal.com\/#website","url":"https:\/\/endorhal.com\/","name":"Les Royaumes d'Endorhal","description":"Plongez au c\u0153ur d\u2019un monde oubli\u00e9, entre les royaumes s&#039;immisce les t\u00e9n\u00e8bres mais une lueur existe toujours.","publisher":{"@id":"https:\/\/endorhal.com\/#organization"},"potentialAction":[{"@type":"SearchAction","target":{"@type":"EntryPoint","urlTemplate":"https:\/\/endorhal.com\/?s={search_term_string}"},"query-input":{"@type":"PropertyValueSpecification","valueRequired":true,"valueName":"search_term_string"}}],"inLanguage":"fr-FR"},{"@type":"Organization","@id":"https:\/\/endorhal.com\/#organization","name":"Les Royaumes d'Endorhal","url":"https:\/\/endorhal.com\/","logo":{"@type":"ImageObject","inLanguage":"fr-FR","@id":"https:\/\/endorhal.com\/#\/schema\/logo\/image\/","url":"https:\/\/endorhal.com\/wp-content\/uploads\/2025\/11\/Logo.png","contentUrl":"https:\/\/endorhal.com\/wp-content\/uploads\/2025\/11\/Logo.png","width":1024,"height":1024,"caption":"Les Royaumes d'Endorhal"},"image":{"@id":"https:\/\/endorhal.com\/#\/schema\/logo\/image\/"}}]}},"_links":{"self":[{"href":"https:\/\/endorhal.com\/index.php\/wp-json\/wp\/v2\/pages\/10","targetHints":{"allow":["GET"]}}],"collection":[{"href":"https:\/\/endorhal.com\/index.php\/wp-json\/wp\/v2\/pages"}],"about":[{"href":"https:\/\/endorhal.com\/index.php\/wp-json\/wp\/v2\/types\/page"}],"author":[{"embeddable":true,"href":"https:\/\/endorhal.com\/index.php\/wp-json\/wp\/v2\/users\/1"}],"replies":[{"embeddable":true,"href":"https:\/\/endorhal.com\/index.php\/wp-json\/wp\/v2\/comments?post=10"}],"version-history":[{"count":8,"href":"https:\/\/endorhal.com\/index.php\/wp-json\/wp\/v2\/pages\/10\/revisions"}],"predecessor-version":[{"id":183,"href":"https:\/\/endorhal.com\/index.php\/wp-json\/wp\/v2\/pages\/10\/revisions\/183"}],"wp:attachment":[{"href":"https:\/\/endorhal.com\/index.php\/wp-json\/wp\/v2\/media?parent=10"}],"curies":[{"name":"wp","href":"https:\/\/api.w.org\/{rel}","templated":true}]}}