{"id":16,"date":"2025-09-20T19:21:53","date_gmt":"2025-09-20T19:21:53","guid":{"rendered":"http:\/\/endorhal.com\/?page_id=16"},"modified":"2025-11-02T22:47:38","modified_gmt":"2025-11-02T22:47:38","slug":"lauteur","status":"publish","type":"page","link":"https:\/\/endorhal.com\/index.php\/lauteur\/","title":{"rendered":"L&rsquo;auteur"},"content":{"rendered":"\n<p>Enfant discret et r\u00eaveur, <strong>Damien Roulleau<\/strong> a grandi en inventant des mondes et des histoires. Originaire de Voisins-le-Bretonneux, dans les Yvelines, il reste attach\u00e9 \u00e0 cette ville o\u00f9 sa famille vit depuis plusieurs g\u00e9n\u00e9rations. Par une branche lointaine, il poss\u00e8de aussi des origines bretonnes et polonaises.<\/p>\n\n\n\n<p>Passionn\u00e9 de jeux de r\u00f4le et d\u2019univers fantastiques, nourri par Warhammer, les RPG et les lectures qui ont marqu\u00e9 son enfance, de <em>Chair de poule<\/em> \u00e0 Tolkien, en passant par Lovecraft et Stephen King, il a trouv\u00e9 dans l\u2019\u00e9criture un prolongement naturel \u00e0 son imaginaire.<\/p>\n\n\n\n<p>Son p\u00e8re lui a transmis l\u2019amour des livres, ainsi qu\u2019une passion pour l\u2019Histoire. Cette curiosit\u00e9, ancr\u00e9e dans le besoin de comprendre et de chercher le tangible, l\u2019accompagne dans tout ce qu\u2019il entreprend. C\u2019est aussi pour lui, et avec le souhait d\u2019achever le livre 1 esp\u00e9rant qu&rsquo;il puisse le lire, que Damien a \u00e9crit le premier tome des <strong>Royaumes d\u2019Endorhal<\/strong>.<br>Sa m\u00e8re, toujours pr\u00e9sente, l\u2019a accompagn\u00e9 avec patience et bienveillance dans la relecture et la correction de l\u2019ouvrage, apportant un regard attentif et g\u00e9n\u00e9reux tout comme sa compagne qui lui accorde le temps n\u00e9cessaire \u00e0 cette passion et ses enfants qui se plaisent \u00e0 d\u00e9couvrir l&rsquo;univers.<\/p>\n\n\n\n<p>Consultant en informatique, il partage aujourd\u2019hui son temps entre son activit\u00e9 professionnelle et l\u2019univers d\u2019<strong>Endorhal<\/strong>, qu\u2019il fa\u00e7onne depuis plusieurs ann\u00e9es. L\u2019id\u00e9e de ce monde est n\u00e9e dans la maison de campagne de ses grands-parents, au c\u0153ur de la Ni\u00e8vre, dans la vall\u00e9e de l\u2019Yonne. Ces paysages familiers ont inspir\u00e9 <strong>Morkath<\/strong>, le village nain au centre du r\u00e9cit. D\u2019abord imagin\u00e9 comme un univers de jeu de r\u00f4le \u00e0 partager avec son fils ain\u00e9, Endorhal est devenu un monde de fiction \u00e0 part enti\u00e8re, n\u00e9 d\u2019un m\u00e9lange d\u2019ancrage, de m\u00e9moire et de passion pour l\u2019imaginaire.<\/p>\n\n\n\n<p><\/p>\n","protected":false},"excerpt":{"rendered":"<p>Enfant discret et r\u00eaveur, Damien Roulleau a grandi en inventant des mondes et des histoires. Originaire de Voisins-le-Bretonneux, dans les Yvelines, il reste attach\u00e9 \u00e0 cette ville o\u00f9 sa famille vit depuis plusieurs g\u00e9n\u00e9rations. Par une branche lointaine, il poss\u00e8de aussi des origines bretonnes et polonaises. Passionn\u00e9 de jeux de r\u00f4le et d\u2019univers fantastiques, nourri&#8230;<\/p>\n","protected":false},"author":1,"featured_media":0,"parent":0,"menu_order":0,"comment_status":"closed","ping_status":"closed","template":"","meta":{"_kadence_starter_templates_imported_post":false,"_kad_post_transparent":"","_kad_post_title":"","_kad_post_layout":"","_kad_post_sidebar_id":"","_kad_post_content_style":"","_kad_post_vertical_padding":"","_kad_post_feature":"","_kad_post_feature_position":"","_kad_post_header":false,"_kad_post_footer":false,"_kad_post_classname":"","footnotes":""},"class_list":["post-16","page","type-page","status-publish","hentry"],"yoast_head":"<!-- This site is optimized with the Yoast SEO plugin v26.9 - https:\/\/yoast.com\/product\/yoast-seo-wordpress\/ -->\n<title>L&#039;auteur - Les Royaumes d&#039;Endorhal<\/title>\n<meta name=\"description\" content=\"Entrez dans l\u2019univers de Damien Roulleau, auteur des Royaumes d\u2019Endorhal. De la vall\u00e9e de l\u2019Yonne aux royaumes nains, explorez les origines et l\u2019imaginaire d\u2019un monde fa\u00e7onn\u00e9 par la m\u00e9moire et la l\u00e9gende.\" \/>\n<meta name=\"robots\" content=\"index, follow, max-snippet:-1, max-image-preview:large, max-video-preview:-1\" \/>\n<link rel=\"canonical\" href=\"https:\/\/endorhal.com\/index.php\/lauteur\/\" \/>\n<meta property=\"og:locale\" content=\"fr_FR\" \/>\n<meta property=\"og:type\" content=\"article\" \/>\n<meta property=\"og:title\" content=\"L&#039;auteur - Les Royaumes d&#039;Endorhal\" \/>\n<meta property=\"og:description\" content=\"Entrez dans l\u2019univers de Damien Roulleau, auteur des Royaumes d\u2019Endorhal. De la vall\u00e9e de l\u2019Yonne aux royaumes nains, explorez les origines et l\u2019imaginaire d\u2019un monde fa\u00e7onn\u00e9 par la m\u00e9moire et la l\u00e9gende.\" \/>\n<meta property=\"og:url\" content=\"https:\/\/endorhal.com\/index.php\/lauteur\/\" \/>\n<meta property=\"og:site_name\" content=\"Les Royaumes d&#039;Endorhal\" \/>\n<meta property=\"article:modified_time\" content=\"2025-11-02T22:47:38+00:00\" \/>\n<meta name=\"twitter:card\" content=\"summary_large_image\" \/>\n<meta name=\"twitter:label1\" content=\"Dur\u00e9e de lecture estim\u00e9e\" \/>\n\t<meta name=\"twitter:data1\" content=\"2 minutes\" \/>\n<script type=\"application\/ld+json\" class=\"yoast-schema-graph\">{\"@context\":\"https:\/\/schema.org\",\"@graph\":[{\"@type\":\"WebPage\",\"@id\":\"https:\/\/endorhal.com\/index.php\/lauteur\/\",\"url\":\"https:\/\/endorhal.com\/index.php\/lauteur\/\",\"name\":\"L'auteur - Les Royaumes d&#039;Endorhal\",\"isPartOf\":{\"@id\":\"https:\/\/endorhal.com\/#website\"},\"datePublished\":\"2025-09-20T19:21:53+00:00\",\"dateModified\":\"2025-11-02T22:47:38+00:00\",\"description\":\"Entrez dans l\u2019univers de Damien Roulleau, auteur des Royaumes d\u2019Endorhal. De la vall\u00e9e de l\u2019Yonne aux royaumes nains, explorez les origines et l\u2019imaginaire d\u2019un monde fa\u00e7onn\u00e9 par la m\u00e9moire et la l\u00e9gende.\",\"breadcrumb\":{\"@id\":\"https:\/\/endorhal.com\/index.php\/lauteur\/#breadcrumb\"},\"inLanguage\":\"fr-FR\",\"potentialAction\":[{\"@type\":\"ReadAction\",\"target\":[\"https:\/\/endorhal.com\/index.php\/lauteur\/\"]}]},{\"@type\":\"BreadcrumbList\",\"@id\":\"https:\/\/endorhal.com\/index.php\/lauteur\/#breadcrumb\",\"itemListElement\":[{\"@type\":\"ListItem\",\"position\":1,\"name\":\"Accueil\",\"item\":\"https:\/\/endorhal.com\/\"},{\"@type\":\"ListItem\",\"position\":2,\"name\":\"L&rsquo;auteur\"}]},{\"@type\":\"WebSite\",\"@id\":\"https:\/\/endorhal.com\/#website\",\"url\":\"https:\/\/endorhal.com\/\",\"name\":\"Les Royaumes d'Endorhal\",\"description\":\"Plongez au c\u0153ur d\u2019un monde oubli\u00e9, entre les royaumes s&#039;immisce les t\u00e9n\u00e8bres mais une lueur existe toujours.\",\"publisher\":{\"@id\":\"https:\/\/endorhal.com\/#organization\"},\"potentialAction\":[{\"@type\":\"SearchAction\",\"target\":{\"@type\":\"EntryPoint\",\"urlTemplate\":\"https:\/\/endorhal.com\/?s={search_term_string}\"},\"query-input\":{\"@type\":\"PropertyValueSpecification\",\"valueRequired\":true,\"valueName\":\"search_term_string\"}}],\"inLanguage\":\"fr-FR\"},{\"@type\":\"Organization\",\"@id\":\"https:\/\/endorhal.com\/#organization\",\"name\":\"Les Royaumes d'Endorhal\",\"url\":\"https:\/\/endorhal.com\/\",\"logo\":{\"@type\":\"ImageObject\",\"inLanguage\":\"fr-FR\",\"@id\":\"https:\/\/endorhal.com\/#\/schema\/logo\/image\/\",\"url\":\"https:\/\/endorhal.com\/wp-content\/uploads\/2025\/11\/Logo.png\",\"contentUrl\":\"https:\/\/endorhal.com\/wp-content\/uploads\/2025\/11\/Logo.png\",\"width\":1024,\"height\":1024,\"caption\":\"Les Royaumes d'Endorhal\"},\"image\":{\"@id\":\"https:\/\/endorhal.com\/#\/schema\/logo\/image\/\"}}]}<\/script>\n<!-- \/ Yoast SEO plugin. -->","yoast_head_json":{"title":"L'auteur - Les Royaumes d&#039;Endorhal","description":"Entrez dans l\u2019univers de Damien Roulleau, auteur des Royaumes d\u2019Endorhal. De la vall\u00e9e de l\u2019Yonne aux royaumes nains, explorez les origines et l\u2019imaginaire d\u2019un monde fa\u00e7onn\u00e9 par la m\u00e9moire et la l\u00e9gende.","robots":{"index":"index","follow":"follow","max-snippet":"max-snippet:-1","max-image-preview":"max-image-preview:large","max-video-preview":"max-video-preview:-1"},"canonical":"https:\/\/endorhal.com\/index.php\/lauteur\/","og_locale":"fr_FR","og_type":"article","og_title":"L'auteur - Les Royaumes d&#039;Endorhal","og_description":"Entrez dans l\u2019univers de Damien Roulleau, auteur des Royaumes d\u2019Endorhal. De la vall\u00e9e de l\u2019Yonne aux royaumes nains, explorez les origines et l\u2019imaginaire d\u2019un monde fa\u00e7onn\u00e9 par la m\u00e9moire et la l\u00e9gende.","og_url":"https:\/\/endorhal.com\/index.php\/lauteur\/","og_site_name":"Les Royaumes d&#039;Endorhal","article_modified_time":"2025-11-02T22:47:38+00:00","twitter_card":"summary_large_image","twitter_misc":{"Dur\u00e9e de lecture estim\u00e9e":"2 minutes"},"schema":{"@context":"https:\/\/schema.org","@graph":[{"@type":"WebPage","@id":"https:\/\/endorhal.com\/index.php\/lauteur\/","url":"https:\/\/endorhal.com\/index.php\/lauteur\/","name":"L'auteur - Les Royaumes d&#039;Endorhal","isPartOf":{"@id":"https:\/\/endorhal.com\/#website"},"datePublished":"2025-09-20T19:21:53+00:00","dateModified":"2025-11-02T22:47:38+00:00","description":"Entrez dans l\u2019univers de Damien Roulleau, auteur des Royaumes d\u2019Endorhal. De la vall\u00e9e de l\u2019Yonne aux royaumes nains, explorez les origines et l\u2019imaginaire d\u2019un monde fa\u00e7onn\u00e9 par la m\u00e9moire et la l\u00e9gende.","breadcrumb":{"@id":"https:\/\/endorhal.com\/index.php\/lauteur\/#breadcrumb"},"inLanguage":"fr-FR","potentialAction":[{"@type":"ReadAction","target":["https:\/\/endorhal.com\/index.php\/lauteur\/"]}]},{"@type":"BreadcrumbList","@id":"https:\/\/endorhal.com\/index.php\/lauteur\/#breadcrumb","itemListElement":[{"@type":"ListItem","position":1,"name":"Accueil","item":"https:\/\/endorhal.com\/"},{"@type":"ListItem","position":2,"name":"L&rsquo;auteur"}]},{"@type":"WebSite","@id":"https:\/\/endorhal.com\/#website","url":"https:\/\/endorhal.com\/","name":"Les Royaumes d'Endorhal","description":"Plongez au c\u0153ur d\u2019un monde oubli\u00e9, entre les royaumes s&#039;immisce les t\u00e9n\u00e8bres mais une lueur existe toujours.","publisher":{"@id":"https:\/\/endorhal.com\/#organization"},"potentialAction":[{"@type":"SearchAction","target":{"@type":"EntryPoint","urlTemplate":"https:\/\/endorhal.com\/?s={search_term_string}"},"query-input":{"@type":"PropertyValueSpecification","valueRequired":true,"valueName":"search_term_string"}}],"inLanguage":"fr-FR"},{"@type":"Organization","@id":"https:\/\/endorhal.com\/#organization","name":"Les Royaumes d'Endorhal","url":"https:\/\/endorhal.com\/","logo":{"@type":"ImageObject","inLanguage":"fr-FR","@id":"https:\/\/endorhal.com\/#\/schema\/logo\/image\/","url":"https:\/\/endorhal.com\/wp-content\/uploads\/2025\/11\/Logo.png","contentUrl":"https:\/\/endorhal.com\/wp-content\/uploads\/2025\/11\/Logo.png","width":1024,"height":1024,"caption":"Les Royaumes d'Endorhal"},"image":{"@id":"https:\/\/endorhal.com\/#\/schema\/logo\/image\/"}}]}},"_links":{"self":[{"href":"https:\/\/endorhal.com\/index.php\/wp-json\/wp\/v2\/pages\/16","targetHints":{"allow":["GET"]}}],"collection":[{"href":"https:\/\/endorhal.com\/index.php\/wp-json\/wp\/v2\/pages"}],"about":[{"href":"https:\/\/endorhal.com\/index.php\/wp-json\/wp\/v2\/types\/page"}],"author":[{"embeddable":true,"href":"https:\/\/endorhal.com\/index.php\/wp-json\/wp\/v2\/users\/1"}],"replies":[{"embeddable":true,"href":"https:\/\/endorhal.com\/index.php\/wp-json\/wp\/v2\/comments?post=16"}],"version-history":[{"count":2,"href":"https:\/\/endorhal.com\/index.php\/wp-json\/wp\/v2\/pages\/16\/revisions"}],"predecessor-version":[{"id":185,"href":"https:\/\/endorhal.com\/index.php\/wp-json\/wp\/v2\/pages\/16\/revisions\/185"}],"wp:attachment":[{"href":"https:\/\/endorhal.com\/index.php\/wp-json\/wp\/v2\/media?parent=16"}],"curies":[{"name":"wp","href":"https:\/\/api.w.org\/{rel}","templated":true}]}}